{"id":169,"date":"2024-12-06T11:06:00","date_gmt":"2024-12-06T10:06:00","guid":{"rendered":"https:\/\/www.cftc80.retraite.ovh\/?page_id=169"},"modified":"2025-05-06T13:35:19","modified_gmt":"2025-05-06T11:35:19","slug":"bienvenue-chez-les-retraites-cftc-de-la-somme","status":"publish","type":"page","link":"https:\/\/www.cftc80.retraite.ovh\/index.php\/bienvenue-chez-les-retraites-cftc-de-la-somme\/","title":{"rendered":"ACCUEIL"},"content":{"rendered":"\n<h2 class=\"wp-block-heading has-light-green-cyan-color has-text-color has-link-color wp-elements-5f5a39bdf707215dd5f85834142617ae\">Bienvenue chez les retrait\u00e9s CFTC de la Somme !<\/h2>\n\n\n\n<p>Cet espace est celui des retrait\u00e9s de la Somme, adh\u00e9rents \u00e0 la CFTC. Il est aussi celui de celles et ceux qui se retrouvent dans <a href=\"https:\/\/www.cftc.fr\/projet-cftc\">les fondamentaux qui guident les choix et les actions de notre organisation syndicale<\/a>.<\/p>\n\n\n\n<h3 class=\"wp-block-heading\">Retrait\u00e9 et syndiqu\u00e9 ?<\/h3>\n\n\n\n<div class=\"wp-block-media-text is-stacked-on-mobile\"><figure class=\"wp-block-media-text__media\"><img loading=\"lazy\" decoding=\"async\" width=\"1024\" height=\"683\" src=\"http:\/\/www.cftc80.retraite.ovh\/wp-content\/uploads\/2025\/05\/amiens-perret_logo-1024x683.jpg\" alt=\"\" class=\"wp-image-167 size-full\" srcset=\"https:\/\/www.cftc80.retraite.ovh\/wp-content\/uploads\/2025\/05\/amiens-perret_logo-1024x683.jpg 1024w, https:\/\/www.cftc80.retraite.ovh\/wp-content\/uploads\/2025\/05\/amiens-perret_logo-300x200.jpg 300w, https:\/\/www.cftc80.retraite.ovh\/wp-content\/uploads\/2025\/05\/amiens-perret_logo-768x512.jpg 768w, https:\/\/www.cftc80.retraite.ovh\/wp-content\/uploads\/2025\/05\/amiens-perret_logo-1536x1024.jpg 1536w, https:\/\/www.cftc80.retraite.ovh\/wp-content\/uploads\/2025\/05\/amiens-perret_logo-2048x1366.jpg 2048w\" sizes=\"auto, (max-width: 1024px) 100vw, 1024px\" \/><\/figure><div class=\"wp-block-media-text__content\">\n<p>Au premier abord, on pourrait penser que cela n&rsquo;a plus lieu d&rsquo;\u00eatre !<\/p>\n\n\n\n<p>A y r\u00e9fl\u00e9chir, \u00eatre retrait\u00e9 et syndiqu\u00e9 nous permet de b\u00e9n\u00e9ficier d&rsquo;un soutien continu, de d\u00e9fendre nos droits et de rester inform\u00e9s des \u00e9volutions l\u00e9gislatives et sociales qui nous concernent. Cela constitue \u00e9galement un excellent moyen pour exprimer nos pr\u00e9occupations et participer activement aux d\u00e9cisions qui nous concernent. <\/p>\n\n\n\n<p>En fait une fois en retraite l&rsquo;adh\u00e9sion syndicale nous assure une protection et une repr\u00e9sentation, m\u00eame apr\u00e8s la \u00ab\u00a0vie active\u00a0\u00bb.<\/p>\n<\/div><\/div>\n\n\n\n<p><\/p>\n\n\n\n<h3 class=\"wp-block-heading\">Quel int\u00e9r\u00eat ?<\/h3>\n\n\n\n<p>Les retrait\u00e9s peuvent participer activement aux d\u00e9cisions de plusieurs mani\u00e8res. Voici quelques exemples :<\/p>\n\n\n\n<p class=\"has-luminous-vivid-amber-color has-text-color has-link-color wp-elements-f7c3a028ddbbba02bbd3291f41e08f20\">1.&nbsp;&nbsp;&nbsp;&nbsp;&nbsp;&nbsp;<strong>L&rsquo;adh\u00e9sion \u00e0 l&rsquo;UDIR-CFTC 80 <\/strong><\/p>\n\n\n\n<p>En rejoignant l&rsquo;association des retrait\u00e9s CFTC de la Somme, vous pouvez participer aux r\u00e9unions, voter sur les d\u00e9cisions importantes et proposer des id\u00e9es pour am\u00e9liorer les conditions de vie des retrait\u00e9s.<\/p>\n\n\n\n<p class=\"has-luminous-vivid-amber-color has-text-color has-link-color wp-elements-7920a061b07c5dfc398e967137b80dc6\">2.&nbsp;&nbsp;&nbsp;&nbsp;&nbsp;&nbsp;<strong>Opportunit\u00e9 d&rsquo;une \u00ab\u00a0Compl\u00e9mentaire sant\u00e9\u00a0\u00bb, partenaire de l&rsquo;UDIR-CFTC 80<\/strong><\/p>\n\n\n\n<p>La question de la sant\u00e9 chez les retrait\u00e9s, et son co\u00fbt, est une probl\u00e9matique identifi\u00e9e de longue date par l&rsquo;UDIR-CFTC 80.<\/p>\n\n\n\n<p>Pour y r\u00e9pondre, une mutuelle &#8211;<a href=\"https:\/\/www.cftc80.retraite.ovh\/index.php\/2025\/04\/30\/ccmo-loffre-de-complementaire-sante-faite-aux-adherents-cftc\/\">la CCMO<\/a>&#8211; a \u00e9t\u00e9 choisie sur des crit\u00e8res de co\u00fbt, de services, de d\u00e9ontologie, de proximit\u00e9 et de qualit\u00e9 de relation.<\/p>\n\n\n\n<p class=\"has-luminous-vivid-amber-color has-text-color has-link-color wp-elements-8db93f97c34066adcaf9dedcc7ad1c9f\">3.&nbsp;&nbsp;&nbsp;&nbsp;&nbsp;&nbsp;<strong>Participation aux consultations publiques<\/strong>&nbsp;: <\/p>\n\n\n\n<p>Les gouvernements et les organismes publics organisent souvent des consultations pour recueillir les avis des citoyens sur diverses questions. Les retrait\u00e9s peuvent y participer pour exprimer leurs opinions et influencer les politiques.<\/p>\n\n\n\n<p class=\"has-luminous-vivid-amber-color has-text-color has-link-color wp-elements-00897421a5a049c60cbc5d8db3fe0038\">4.&nbsp;&nbsp;&nbsp;&nbsp;&nbsp;&nbsp;<strong>Engagement dans des groupes de travail ou des comit\u00e9s<\/strong>&nbsp;: <\/p>\n\n\n\n<p>Sur d\u00e9cision de ses membres, l&rsquo;UDIR CFTC 80 cr\u00e9ent des groupes de travail pour traiter des questions li\u00e9es aux retrait\u00e9s. Ces groupes de travail se r\u00e9unissent en visioconf\u00e9rence ou\/et pr\u00e9sentiel.<\/p>\n\n\n\n<p>En y participant, les retrait\u00e9s peuvent contribuer \u00e0 la prise de d\u00e9cisions et \u00e0 la formulation de recommandations. Des recommandations ensuite relay\u00e9es au Conseil d\u00e9partemental de la citoyennet\u00e9 et de l&rsquo;autonomie (CDCA) de la Somme, organisme au sein duquel les retrait\u00e9s CFTC de la Somme sont repr\u00e9sent\u00e9s.&nbsp;<\/p>\n\n\n\n<p class=\"has-luminous-vivid-amber-color has-text-color has-link-color wp-elements-60006d5c65f78fa06f83b2cf42b5c695\">5.&nbsp;&nbsp;&nbsp;&nbsp;&nbsp;&nbsp;<strong>Engagement militant aupr\u00e8s des syndiques CFTC et des salari\u00e9s en activit\u00e9<\/strong>&nbsp;: <\/p>\n\n\n\n<p>Ceux des retrait\u00e9s CFTC de la Somme qui le souhaitent, apportent un soutien actif au mouvement syndical CFTC. <\/p>\n\n\n\n<p>Leur action contribue \u00e0 transmettre les savoirs et l&rsquo;exp\u00e9rience syndicale. <\/p>\n\n\n\n<p>Elle permet \u00e9galement le d\u00e9veloppement de la CFTC dans les entreprises, \u00e0 l&rsquo;occasion des \u00e9lections professionnelles par exemple.<\/p>\n\n\n\n<p class=\"has-luminous-vivid-amber-color has-text-color has-link-color wp-elements-c400d5adc79517b0b9f8fccaac243d5a\">6.&nbsp;&nbsp;&nbsp;&nbsp;&nbsp;&nbsp;<strong>Participation aux assembl\u00e9es g\u00e9n\u00e9rales<\/strong>&nbsp;: <\/p>\n\n\n\n<p>Les retrait\u00e9s CFTC de la Somme organisent chaque ann\u00e9e leur assembl\u00e9e g\u00e9n\u00e9rale. Les membres discutent des enjeux, votent sur les r\u00e9solutions et \u00e9lisent les repr\u00e9sentants (Conseil de l&rsquo;UDIR-CFTC 80, les repr\u00e9sentants dans les divers organismes et responsabilit\u00e9s.<\/p>\n\n\n\n<p>En s&rsquo;impliquant de ces diff\u00e9rentes mani\u00e8res, les retrait\u00e9s CFTC jouent un r\u00f4le actif dans la prise de d\u00e9cisions qui les concernent et contribuent \u00e0 am\u00e9liorer leur qualit\u00e9 de vie.<\/p>\n\n\n\n<p><\/p>\n","protected":false},"excerpt":{"rendered":"<p>Bienvenue chez les retrait\u00e9s CFTC de la Somme ! Cet espace est celui des retrait\u00e9s de la Somme, adh\u00e9rents \u00e0 [&hellip;]<\/p>\n","protected":false},"author":1,"featured_media":0,"parent":0,"menu_order":0,"comment_status":"closed","ping_status":"closed","template":"","meta":{"site-sidebar-layout":"default","site-content-layout":"","ast-site-content-layout":"","site-content-style":"default","site-sidebar-style":"default","ast-global-header-display":"","ast-banner-title-visibility":"","ast-main-header-display":"","ast-hfb-above-header-display":"","ast-hfb-below-header-display":"","ast-hfb-mobile-header-display":"","site-post-title":"disabled","ast-breadcrumbs-content":"","ast-featured-img":"","footer-sml-layout":"","ast-disable-related-posts":"","theme-transparent-header-meta":"","adv-header-id-meta":"","stick-header-meta":"","header-above-stick-meta":"","header-main-stick-meta":"","header-below-stick-meta":"","astra-migrate-meta-layouts":"default","ast-page-background-enabled":"default","ast-page-background-meta":{"desktop":{"background-color":"var(--ast-global-color-5)","background-image":"","background-repeat":"repeat","background-position":"center center","background-size":"auto","background-attachment":"scroll","background-type":"","background-media":"","overlay-type":"","overlay-color":"","overlay-opacity":"","overlay-gradient":""},"tablet":{"background-color":"","background-image":"","background-repeat":"repeat","background-position":"center center","background-size":"auto","background-attachment":"scroll","background-type":"","background-media":"","overlay-type":"","overlay-color":"","overlay-opacity":"","overlay-gradient":""},"mobile":{"background-color":"","background-image":"","background-repeat":"repeat","background-position":"center center","background-size":"auto","background-attachment":"scroll","background-type":"","background-media":"","overlay-type":"","overlay-color":"","overlay-opacity":"","overlay-gradient":""}},"ast-content-background-meta":{"desktop":{"background-color":"var(--ast-global-color-4)","background-image":"","background-repeat":"repeat","background-position":"center center","background-size":"auto","background-attachment":"scroll","background-type":"","background-media":"","overlay-type":"","overlay-color":"","overlay-opacity":"","overlay-gradient":""},"tablet":{"background-color":"var(--ast-global-color-4)","background-image":"","background-repeat":"repeat","background-position":"center center","background-size":"auto","background-attachment":"scroll","background-type":"","background-media":"","overlay-type":"","overlay-color":"","overlay-opacity":"","overlay-gradient":""},"mobile":{"background-color":"var(--ast-global-color-4)","background-image":"","background-repeat":"repeat","background-position":"center center","background-size":"auto","background-attachment":"scroll","background-type":"","background-media":"","overlay-type":"","overlay-color":"","overlay-opacity":"","overlay-gradient":""}},"footnotes":""},"class_list":["post-169","page","type-page","status-publish","hentry"],"_links":{"self":[{"href":"https:\/\/www.cftc80.retraite.ovh\/index.php\/wp-json\/wp\/v2\/pages\/169","targetHints":{"allow":["GET"]}}],"collection":[{"href":"https:\/\/www.cftc80.retraite.ovh\/index.php\/wp-json\/wp\/v2\/pages"}],"about":[{"href":"https:\/\/www.cftc80.retraite.ovh\/index.php\/wp-json\/wp\/v2\/types\/page"}],"author":[{"embeddable":true,"href":"https:\/\/www.cftc80.retraite.ovh\/index.php\/wp-json\/wp\/v2\/users\/1"}],"replies":[{"embeddable":true,"href":"https:\/\/www.cftc80.retraite.ovh\/index.php\/wp-json\/wp\/v2\/comments?post=169"}],"version-history":[{"count":7,"href":"https:\/\/www.cftc80.retraite.ovh\/index.php\/wp-json\/wp\/v2\/pages\/169\/revisions"}],"predecessor-version":[{"id":177,"href":"https:\/\/www.cftc80.retraite.ovh\/index.php\/wp-json\/wp\/v2\/pages\/169\/revisions\/177"}],"wp:attachment":[{"href":"https:\/\/www.cftc80.retraite.ovh\/index.php\/wp-json\/wp\/v2\/media?parent=169"}],"curies":[{"name":"wp","href":"https:\/\/api.w.org\/{rel}","templated":true}]}}